{"id":4014,"date":"2014-09-02T14:51:13","date_gmt":"2014-09-02T14:51:13","guid":{"rendered":"\/wordpress\/ca\/?page_id=210"},"modified":"2023-06-12T13:36:47","modified_gmt":"2023-06-12T13:36:47","slug":"mueble-infantil","status":"publish","type":"page","link":"https:\/\/www.espaimoble.com\/es\/mueble-infantil\/","title":{"rendered":"Mueble Infantil"},"content":{"rendered":"<p>[et_pb_section fb_built=&#8221;1&#8243; _builder_version=&#8221;4.16&#8243; custom_margin=&#8221;0px|||&#8221; custom_padding=&#8221;0px|||&#8221; global_colors_info=&#8221;{}&#8221; theme_builder_area=&#8221;post_content&#8221;][et_pb_row module_id=&#8221;composicions&#8221; _builder_version=&#8221;4.16&#8243; global_colors_info=&#8221;{}&#8221; theme_builder_area=&#8221;post_content&#8221;][et_pb_column type=&#8221;4_4&#8243; _builder_version=&#8221;4.16&#8243; custom_padding=&#8221;|||&#8221; global_colors_info=&#8221;{}&#8221; custom_padding__hover=&#8221;|||&#8221; theme_builder_area=&#8221;post_content&#8221;][et_pb_text admin_label=&#8221;T\u00edtol p\u00e0gina&#8221; _builder_version=&#8221;4.21.0&#8243; hover_enabled=&#8221;0&#8243; global_colors_info=&#8221;{}&#8221; theme_builder_area=&#8221;post_content&#8221; sticky_enabled=&#8221;0&#8243;]<\/p>\n<h1>Muebles infantiles<\/h1>\n<h2>Habitaciones pensadas para los m\u00e1s peque\u00f1os de la casa<\/h2>\n<p>Para que puedan jugar y pasar largos ratos de placer y descanso. Por tanto deben combinar varios factores: deben ser c\u00f3modos para los ni\u00f1os y muy c\u00f3modos para los padres. Cada habitaci\u00f3n infantil que dise\u00f1amos, la miramos con esta doble \u00f3ptica, para que toda la familia se encuentre a gusto!<\/p>\n<p>&nbsp;<\/p>\n<p>[\/et_pb_text][et_pb_image src=&#8221;https:\/\/www.espaimoble.com\/wp-content\/uploads\/2021\/10\/lagrama-juvenil-cottage1.jpeg&#8221; alt=&#8221;juvenil-cottage1&#8243; title_text=&#8221;lagrama-juvenil-cottage1&#8243; align_tablet=&#8221;center&#8221; align_phone=&#8221;&#8221; align_last_edited=&#8221;on|desktop&#8221; admin_label=&#8221;Imatge de cap\u00e7alera&#8221; _builder_version=&#8221;4.16&#8243; global_colors_info=&#8221;{}&#8221; theme_builder_area=&#8221;post_content&#8221;]\u00a0<br \/>\n[\/et_pb_image][et_pb_text admin_label=&#8221;Introducci\u00f3&#8221; _builder_version=&#8221;4.16&#8243; global_colors_info=&#8221;{}&#8221; theme_builder_area=&#8221;post_content&#8221;][\/et_pb_text][et_pb_gallery gallery_ids=&#8221;14110,14112,14114,14116,14118,14120,14122,14124,14126,14128,14130,14132,14134,14136,14138,14140&#8243; posts_number=&#8221;1000&#8243; _builder_version=&#8221;4.16&#8243; _module_preset=&#8221;default&#8221; global_colors_info=&#8221;{}&#8221; theme_builder_area=&#8221;post_content&#8221;][\/et_pb_gallery][\/et_pb_column][\/et_pb_row][\/et_pb_section]<\/p>\n","protected":false},"excerpt":{"rendered":"<p>Habitaciones pensadas para los m\u00e1s peque\u00f1os de la casa para que puedan jugar y pasar largos ratos de placer y descanso. Por lo tanto deben combinar varios factores: deben ser c\u00f3modos para los ni\u00f1os pero a\u00fan m\u00e1s para los padres. Cada habitaci\u00f3n infantil que dise\u00f1amos, nos la miramos con esta doble \u00f3ptica, para que toda la familia se encuentre a gusto!<\/p>\n","protected":false},"author":9,"featured_media":2787,"parent":0,"menu_order":0,"comment_status":"closed","ping_status":"closed","template":"","meta":{"_et_pb_use_builder":"on","_et_pb_old_content":"","_et_gb_content_width":"","footnotes":""},"dipi_cpt_category":[],"class_list":["post-4014","page","type-page","status-publish","has-post-thumbnail","hentry"],"_links":{"self":[{"href":"https:\/\/www.espaimoble.com\/es\/wp-json\/wp\/v2\/pages\/4014","targetHints":{"allow":["GET"]}}],"collection":[{"href":"https:\/\/www.espaimoble.com\/es\/wp-json\/wp\/v2\/pages"}],"about":[{"href":"https:\/\/www.espaimoble.com\/es\/wp-json\/wp\/v2\/types\/page"}],"author":[{"embeddable":true,"href":"https:\/\/www.espaimoble.com\/es\/wp-json\/wp\/v2\/users\/9"}],"replies":[{"embeddable":true,"href":"https:\/\/www.espaimoble.com\/es\/wp-json\/wp\/v2\/comments?post=4014"}],"version-history":[{"count":18,"href":"https:\/\/www.espaimoble.com\/es\/wp-json\/wp\/v2\/pages\/4014\/revisions"}],"predecessor-version":[{"id":16364,"href":"https:\/\/www.espaimoble.com\/es\/wp-json\/wp\/v2\/pages\/4014\/revisions\/16364"}],"wp:featuredmedia":[{"embeddable":true,"href":"https:\/\/www.espaimoble.com\/es\/wp-json\/wp\/v2\/media\/2787"}],"wp:attachment":[{"href":"https:\/\/www.espaimoble.com\/es\/wp-json\/wp\/v2\/media?parent=4014"}],"wp:term":[{"taxonomy":"dipi_cpt_category","embeddable":true,"href":"https:\/\/www.espaimoble.com\/es\/wp-json\/wp\/v2\/dipi_cpt_category?post=4014"}],"curies":[{"name":"wp","href":"https:\/\/api.w.org\/{rel}","templated":true}]}}