{"id":4013,"date":"2014-07-17T19:42:32","date_gmt":"2014-07-17T19:42:32","guid":{"rendered":"\/wordpress\/ca\/?page_id=92"},"modified":"2023-06-12T13:39:49","modified_gmt":"2023-06-12T13:39:49","slug":"mueble-juvenil","status":"publish","type":"page","link":"https:\/\/www.espaimoble.com\/es\/mueble-juvenil\/","title":{"rendered":"Mueble Juvenil"},"content":{"rendered":"<p>[et_pb_section fb_built=&#8221;1&#8243; _builder_version=&#8221;4.16&#8243; custom_margin=&#8221;0px|||&#8221; custom_padding=&#8221;0px|||&#8221; global_colors_info=&#8221;{}&#8221; theme_builder_area=&#8221;post_content&#8221;][et_pb_row _builder_version=&#8221;4.16&#8243; global_colors_info=&#8221;{}&#8221; theme_builder_area=&#8221;post_content&#8221;][et_pb_column type=&#8221;4_4&#8243; _builder_version=&#8221;4.16&#8243; custom_padding=&#8221;|||&#8221; global_colors_info=&#8221;{}&#8221; custom_padding__hover=&#8221;|||&#8221; theme_builder_area=&#8221;post_content&#8221;][et_pb_text admin_label=&#8221;T\u00edtol p\u00e0gina&#8221; _builder_version=&#8221;4.21.0&#8243; hover_enabled=&#8221;0&#8243; global_colors_info=&#8221;{}&#8221; theme_builder_area=&#8221;post_content&#8221; sticky_enabled=&#8221;0&#8243;]<\/p>\n<h1>Muebles Juveniles<\/h1>\n<h2>Nuestra especialidad es dise\u00f1ar espacios para muebles juveniles y convertirlos en un lugar pr\u00e1ctico y agradable<\/h2>\n<p>La aventura de Espai Moble empez\u00f3 dise\u00f1ando espacios para dormitorios juveniles, por lo que podemos decir que hemos hecho de todo tipo. No hay espacios ni estilos que se nos resistan y como podemos predecir su evoluci\u00f3n, sabemos qu\u00e9 materiales y combinaciones est\u00e9ticas son las m\u00e1s adecuadas para cada caso. \u00a1Los juveniles, nuestra pasi\u00f3n!<\/p>\n<p>[\/et_pb_text][et_pb_image src=&#8221;https:\/\/www.espaimoble.com\/wp-content\/uploads\/2021\/10\/lagrama-juvenil-airbox10.jpeg&#8221; alt=&#8221;Habitaci\u00f3 juvenil &#8211; Espai Moble&#8221; title_text=&#8221;lagrama-juvenil-airbox10&#8243; align_tablet=&#8221;center&#8221; align_phone=&#8221;&#8221; align_last_edited=&#8221;on|desktop&#8221; admin_label=&#8221;Imatge de cap\u00e7alera&#8221; _builder_version=&#8221;4.16&#8243; global_colors_info=&#8221;{}&#8221; theme_builder_area=&#8221;post_content&#8221;][\/et_pb_image][et_pb_gallery gallery_ids=&#8221;13759,13765,13767,13769,13771,13773,13775,13777,13779,13781,13783,13785,13787,13789,13791,13793,13795,13797,13799,13801,13803,13805,13807,13809,13811,13813,13815,13817,13819,13821,13824,13826,13829,13831,13833,13835,13837,13839,13841,13843,13845,13847,13849,13851,13853,13855,13857,13859,13861,13863,13865,13886,13883,13881,13879,13877,13875,13873,13871,13869,13867,13933,13936,13939,13942,13945,13947,13949,13951,13953,13955,13957,13959,13961,13963,13965,13967,13969,13971,13973,13975,13977,13979,13981,13983,13985,13987,13989,13991,13993,13995,13997,13999,14001,14003,14005,14007,14009,14011,14013,14015,14017,14019,14021,14023,14025,14027,14029,14031&#8243; posts_number=&#8221;1000&#8243; _builder_version=&#8221;4.16&#8243; _module_preset=&#8221;60e4e268-0c1b-4b96-9615-ee99c862ae54&#8243; global_colors_info=&#8221;{}&#8221; theme_builder_area=&#8221;post_content&#8221;][\/et_pb_gallery][et_pb_text admin_label=&#8221;Introducci\u00f3&#8221; _builder_version=&#8221;4.16&#8243; global_colors_info=&#8221;{}&#8221; theme_builder_area=&#8221;post_content&#8221;][\/et_pb_text][\/et_pb_column][\/et_pb_row][\/et_pb_section]<\/p>\n","protected":false},"excerpt":{"rendered":"<p>Nuestra especialidad es dise\u00f1ar espacios para muebles juveniles y convertirlos en un lugar pr\u00e1ctico y agradable. La aventura de Espacio Mueble comenz\u00f3 dise\u00f1ando espacios para dormitorios juveniles, por lo tanto podemos decir que hemos hecho de todo tipo.<\/p>\n","protected":false},"author":9,"featured_media":2788,"parent":0,"menu_order":0,"comment_status":"closed","ping_status":"closed","template":"","meta":{"_et_pb_use_builder":"on","_et_pb_old_content":"","_et_gb_content_width":"","footnotes":""},"dipi_cpt_category":[],"class_list":["post-4013","page","type-page","status-publish","has-post-thumbnail","hentry"],"_links":{"self":[{"href":"https:\/\/www.espaimoble.com\/es\/wp-json\/wp\/v2\/pages\/4013","targetHints":{"allow":["GET"]}}],"collection":[{"href":"https:\/\/www.espaimoble.com\/es\/wp-json\/wp\/v2\/pages"}],"about":[{"href":"https:\/\/www.espaimoble.com\/es\/wp-json\/wp\/v2\/types\/page"}],"author":[{"embeddable":true,"href":"https:\/\/www.espaimoble.com\/es\/wp-json\/wp\/v2\/users\/9"}],"replies":[{"embeddable":true,"href":"https:\/\/www.espaimoble.com\/es\/wp-json\/wp\/v2\/comments?post=4013"}],"version-history":[{"count":37,"href":"https:\/\/www.espaimoble.com\/es\/wp-json\/wp\/v2\/pages\/4013\/revisions"}],"predecessor-version":[{"id":16367,"href":"https:\/\/www.espaimoble.com\/es\/wp-json\/wp\/v2\/pages\/4013\/revisions\/16367"}],"wp:featuredmedia":[{"embeddable":true,"href":"https:\/\/www.espaimoble.com\/es\/wp-json\/wp\/v2\/media\/2788"}],"wp:attachment":[{"href":"https:\/\/www.espaimoble.com\/es\/wp-json\/wp\/v2\/media?parent=4013"}],"wp:term":[{"taxonomy":"dipi_cpt_category","embeddable":true,"href":"https:\/\/www.espaimoble.com\/es\/wp-json\/wp\/v2\/dipi_cpt_category?post=4013"}],"curies":[{"name":"wp","href":"https:\/\/api.w.org\/{rel}","templated":true}]}}