{"id":3418,"date":"2014-09-02T15:53:51","date_gmt":"2014-09-02T15:53:51","guid":{"rendered":"\/wordpress\/ca\/?page_id=238"},"modified":"2023-06-12T13:36:10","modified_gmt":"2023-06-12T13:36:10","slug":"comedor-estar","status":"publish","type":"page","link":"https:\/\/www.espaimoble.com\/es\/comedor-estar\/","title":{"rendered":"Comedor y estar"},"content":{"rendered":"<p>[et_pb_section fb_built=&#8221;1&#8243; _builder_version=&#8221;4.16&#8243; custom_margin=&#8221;0px|||&#8221; custom_padding=&#8221;0px|||&#8221; global_colors_info=&#8221;{}&#8221; theme_builder_area=&#8221;post_content&#8221;][et_pb_row module_id=&#8221;composicions&#8221; _builder_version=&#8221;4.16&#8243; global_colors_info=&#8221;{}&#8221; theme_builder_area=&#8221;post_content&#8221;][et_pb_column type=&#8221;4_4&#8243; _builder_version=&#8221;4.16&#8243; custom_padding=&#8221;|||&#8221; global_colors_info=&#8221;{}&#8221; custom_padding__hover=&#8221;|||&#8221; theme_builder_area=&#8221;post_content&#8221;][et_pb_text admin_label=&#8221;T\u00edtol p\u00e0gina&#8221; _builder_version=&#8221;4.21.0&#8243; hover_enabled=&#8221;0&#8243; global_colors_info=&#8221;{}&#8221; theme_builder_area=&#8221;post_content&#8221; sticky_enabled=&#8221;0&#8243;]<\/p>\n<h1>Comedor y estar<\/h1>\n<h2>Los espacios comunes como el comedor y las salas de estar son los que m\u00e1s evolucionan en una casa<\/h2>\n<p>Esto se nota en el mobiliario: buffets, sof\u00e1s, mesas y sillas de comedor, mesas de centro\u2026 \u00a1Seguro que m\u00e1s de una vez lo has cambiado! Nosotros proporcionamos soluciones que pueden evolucionar a lo largo del tiempo y garantizamos que siempre te encontrar\u00e1s c\u00f3modo. Solo querr\u00e1s cambiar\u2026 \u00a1Los complementos!<\/p>\n<p>[\/et_pb_text][et_pb_image src=&#8221;https:\/\/www.espaimoble.com\/wp-content\/uploads\/2021\/10\/lagrama-menjador-tv4.jpeg&#8221; title_text=&#8221;lagrama-menjador-tv4&#8243; align_tablet=&#8221;center&#8221; align_phone=&#8221;&#8221; align_last_edited=&#8221;on|desktop&#8221; admin_label=&#8221;Imatge de cap\u00e7alera&#8221; _builder_version=&#8221;4.16&#8243; global_colors_info=&#8221;{}&#8221; theme_builder_area=&#8221;post_content&#8221;]\u00a0<br \/>\n[\/et_pb_image][et_pb_gallery gallery_ids=&#8221;14552,14554,14556,14560,14562,14564,14566,14568,14570,14572,14574,14576,14578,14580,14582,14584,14586,14588,14590,14592,14594,14596,14598,14600,14602,14604,14606,14608,14610,14612,14614,14616,14618,14620,14622,14624,14628,14630,14632,14634,14636,14638,14642,14646,14648,14650,14652,14654,14656,14658,14660,14662,14626,14558,14550&#8243; posts_number=&#8221;1000&#8243; _builder_version=&#8221;4.16&#8243; _module_preset=&#8221;default&#8221; global_colors_info=&#8221;{}&#8221; theme_builder_area=&#8221;post_content&#8221;][\/et_pb_gallery][\/et_pb_column][\/et_pb_row][\/et_pb_section]<\/p>\n","protected":false},"excerpt":{"rendered":"<p>Composiciones de comedores y salas de estar dise\u00f1adas con las nuevas tendencias y los colores y acabados m\u00e1s actuales.<\/p>\n","protected":false},"author":9,"featured_media":2790,"parent":0,"menu_order":0,"comment_status":"closed","ping_status":"closed","template":"","meta":{"_et_pb_use_builder":"on","_et_pb_old_content":"","_et_gb_content_width":"","footnotes":""},"dipi_cpt_category":[],"class_list":["post-3418","page","type-page","status-publish","has-post-thumbnail","hentry"],"_links":{"self":[{"href":"https:\/\/www.espaimoble.com\/es\/wp-json\/wp\/v2\/pages\/3418","targetHints":{"allow":["GET"]}}],"collection":[{"href":"https:\/\/www.espaimoble.com\/es\/wp-json\/wp\/v2\/pages"}],"about":[{"href":"https:\/\/www.espaimoble.com\/es\/wp-json\/wp\/v2\/types\/page"}],"author":[{"embeddable":true,"href":"https:\/\/www.espaimoble.com\/es\/wp-json\/wp\/v2\/users\/9"}],"replies":[{"embeddable":true,"href":"https:\/\/www.espaimoble.com\/es\/wp-json\/wp\/v2\/comments?post=3418"}],"version-history":[{"count":15,"href":"https:\/\/www.espaimoble.com\/es\/wp-json\/wp\/v2\/pages\/3418\/revisions"}],"predecessor-version":[{"id":16360,"href":"https:\/\/www.espaimoble.com\/es\/wp-json\/wp\/v2\/pages\/3418\/revisions\/16360"}],"wp:featuredmedia":[{"embeddable":true,"href":"https:\/\/www.espaimoble.com\/es\/wp-json\/wp\/v2\/media\/2790"}],"wp:attachment":[{"href":"https:\/\/www.espaimoble.com\/es\/wp-json\/wp\/v2\/media?parent=3418"}],"wp:term":[{"taxonomy":"dipi_cpt_category","embeddable":true,"href":"https:\/\/www.espaimoble.com\/es\/wp-json\/wp\/v2\/dipi_cpt_category?post=3418"}],"curies":[{"name":"wp","href":"https:\/\/api.w.org\/{rel}","templated":true}]}}